{"id":1831,"date":"2018-10-09T16:44:17","date_gmt":"2018-10-09T14:44:17","guid":{"rendered":"https:\/\/www.nadorwine.com\/produkt\/falu-red-15l-magnum-2017\/"},"modified":"2018-10-09T16:44:17","modified_gmt":"2018-10-09T14:44:17","slug":"falu-red-magnum","status":"publish","type":"product","link":"https:\/\/www.nadorwine.com\/hu\/product\/falu-red-magnum\/","title":{"rendered":"Falu Red 1,5l Magnum (2017)"},"content":{"rendered":"<h3 class=\"nadorcolor pb-3\">N\u00e1dor 2017<\/h3>\n<h2 class=\"nadorcolor pb-3\">Falu piros<\/h2>\n<h5 class=\"pb-4\">Blaufr\u00e4nkisch\/K\u00e9kfrankos<\/h5>\n<p class=\"nadorcolor pb-5\">\u00c9l\u00e9nk lila. \u00c9rett cseresznye. Bab\u00e9r a mediterr\u00e1n gy\u00f3gyn\u00f6v\u00e9ny\u00e1gy\u00e1sban. T\u00fczes, l\u00e9d\u00fas anyag, egy csipetnyi \u00e9tcsokol\u00e1d\u00e9val.<\/p>\n<h4>Sz\u0151l\u0151<\/h4>\n<p>Blaufr\u00e4nkisch a helysz\u00ednekr\u0151l<\/p>\n<h4>Helysz\u00edn \/ talaj<\/h4>\n<p>D\u00e9l-d\u00e9lnyugati ir\u00e1nyban \/ z\u00f6ld \u00e9s k\u00e9k sz\u00edn\u0171 k\u0151z\u00fazal\u00e9k; kvarc erek<\/p>\n<h4>A sz\u0151l\u0151 kora<\/h4>\n<p>14 \u00e9v. A sz\u0151l\u0151\u00fcltetv\u00e9nyeket \u00e9vsz\u00e1zadokon \u00e1t ily m\u00f3don m\u0171velt\u00e9k, de az 1940-es \u00e9vekben bez\u00e1rt\u00e1k. A talajok 6 \u00e9vtizeden \u00e1t pihenhettek \u00e9s regener\u00e1l\u00f3dhattak.<\/p>\n<h4>Betakar\u00edt\u00e1s \/ hozam<\/h4>\n<p>2017. okt\u00f3ber 1. &#8211; 10 hl\/ha<\/p>\n<h4>Erjeszt\u00e9s<\/h4>\n<p>Spont\u00e1n erjed\u00e9s ac\u00e9ltart\u00e1lyban, pr\u00e9sel\u00e9s 18 nap ut\u00e1n, malolaktikus erjed\u00e9s ac\u00e9ltart\u00e1lyban \u00e9s hord\u00f3ban.<\/p>\n<h4>T\u00e1rol\u00e1s \/ bont\u00e1s<\/h4>\n<p>13 h\u00f3nap ac\u00e9ltart\u00e1lyban \u00e9s \u00faj 500 literes hord\u00f3ban; 12 h\u00f3nap palackban.<\/p>\n<h4>Elemz\u00e9s<\/h4>\n<p>13,0 % alkohol; savtartalom 6,1 g\/l; 1,1 g\/l marad\u00e9kcukor<\/p>\n<h4>T\u00f6lt\u00e9s<\/h4>\n<p>november 2018<\/p>\n<h4>Optim\u00e1lis iv\u00e1si \u00e9retts\u00e9g \/ iv\u00e1si h\u0151m\u00e9rs\u00e9klet<\/h4>\n<p>2020 &#8211; 2030 \/ 15 &#8211; 16\u00b0C<\/p>\n<p>Aj\u00e1nl\u00e1s: iv\u00e1s el\u0151tt legal\u00e1bb 3 \u00f3r\u00e1val dekant\u00e1ljuk a bort.<\/p>\n<h4>K\u00fcl\u00f6nleges form\u00e1tumok<\/h4>\n<p>K\u00fcl\u00f6nleges form\u00e1tumok (3L, 5L, 12L, 18L) k\u00e9r\u00e9sre.<\/p>\n","protected":false},"excerpt":{"rendered":"<p class=\"nadorcolor pb-5\">\u00c9l\u00e9nk lila. \u00c9rett cseresznye. Bab\u00e9r a mediterr\u00e1n gy\u00f3gyn\u00f6v\u00e9ny\u00e1gy\u00e1sban. T\u00fczes, l\u00e9d\u00fas anyag, egy csipetnyi \u00e9tcsokol\u00e1d\u00e9val.<\/p>\n","protected":false},"featured_media":1639,"template":"","meta":[],"product_brand":[],"product_cat":[158,169,168,129],"product_tag":[],"class_list":{"0":"post-1831","1":"product","2":"type-product","3":"status-publish","4":"has-post-thumbnail","6":"product_cat-15l-magnum-hu","7":"product_cat-2016-hu","8":"product_cat-falu-rot-hu","9":"product_cat-voeroesbor","11":"first","12":"instock","13":"taxable","14":"shipping-taxable","15":"purchasable","16":"product-type-simple"},"_links":{"self":[{"href":"https:\/\/www.nadorwine.com\/hu\/wp-json\/wp\/v2\/product\/1831","targetHints":{"allow":["GET"]}}],"collection":[{"href":"https:\/\/www.nadorwine.com\/hu\/wp-json\/wp\/v2\/product"}],"about":[{"href":"https:\/\/www.nadorwine.com\/hu\/wp-json\/wp\/v2\/types\/product"}],"wp:featuredmedia":[{"embeddable":true,"href":"https:\/\/www.nadorwine.com\/hu\/wp-json\/wp\/v2\/media\/1639"}],"wp:attachment":[{"href":"https:\/\/www.nadorwine.com\/hu\/wp-json\/wp\/v2\/media?parent=1831"}],"wp:term":[{"taxonomy":"product_brand","embeddable":true,"href":"https:\/\/www.nadorwine.com\/hu\/wp-json\/wp\/v2\/product_brand?post=1831"},{"taxonomy":"product_cat","embeddable":true,"href":"https:\/\/www.nadorwine.com\/hu\/wp-json\/wp\/v2\/product_cat?post=1831"},{"taxonomy":"product_tag","embeddable":true,"href":"https:\/\/www.nadorwine.com\/hu\/wp-json\/wp\/v2\/product_tag?post=1831"}],"curies":[{"name":"wp","href":"https:\/\/api.w.org\/{rel}","templated":true}]}}