{"id":1809,"date":"2018-10-09T02:17:28","date_gmt":"2018-10-09T00:17:28","guid":{"rendered":"https:\/\/www.nadorwine.com\/produkt\/ried-voller-15l-magnum-2015\/"},"modified":"2018-10-09T02:17:28","modified_gmt":"2018-10-09T00:17:28","slug":"ried-full-magnum","status":"publish","type":"product","link":"https:\/\/www.nadorwine.com\/hu\/product\/ried-full-magnum\/","title":{"rendered":"Ried Voller 1,5l Magnum (2015)"},"content":{"rendered":"<h3 class=\"nadorcolor pb-3\">Nador 2012<\/h3>\n<h2 class=\"nadorcolor pb-3\">Reed Fuller<\/h2>\n<h5 class=\"pb-4\">Blaufr\u00e4nkisch\/K\u00e9kfrankos<\/h5>\n<p class=\"nadorcolor pb-5\">Ragyog\u00f3 rubingr\u00e1n\u00e1t, s\u00f6t\u00e9t mag. Sz\u00edvcseresznye. Vadbogy\u00f3s gy\u00fcm\u00f6lcs\u00f6k kever\u00e9ke. \u00c1sv\u00e1nyos \u00e9s s\u00f3s, \u00e9teri \u00e1rnyalatokkal. M\u00e9ly arom\u00e1k magas eleganci\u00e1val p\u00e1rosulnak. Prec\u00edz gy\u00fcm\u00f6lcs a k\u0151tengerben.<\/p>\n<h4>Sz\u0151l\u0151<\/h4>\n<p>Blaufr\u00e4nkisch a Voller d\u0171l\u0151b\u0151l<\/p>\n<h4>Helysz\u00edn \/ talaj<\/h4>\n<p>D\u00e9l-d\u00e9lnyugati ir\u00e1nyban \/ z\u00f6ld \u00e9s k\u00e9k sz\u00edn\u0171 k\u0151z\u00fazal\u00e9k; kvarc erek<\/p>\n<h4>A sz\u0151l\u0151 kora<\/h4>\n<p>9 \u00e9v. A sz\u0151l\u0151\u00fcltetv\u00e9nyeket \u00e9vsz\u00e1zadokon \u00e1t ily m\u00f3don m\u0171velt\u00e9k, de az 1940-es \u00e9vekben bez\u00e1rt\u00e1k. A talajok 6 \u00e9vtizeden \u00e1t pihenhettek \u00e9s regener\u00e1l\u00f3dhattak.<\/p>\n<h4>Betakar\u00edt\u00e1s \/ hozam<\/h4>\n<p>2012. okt\u00f3ber 10. &#8211; 10 hl\/ha<\/p>\n<h4>Erjeszt\u00e9s<\/h4>\n<p>Spont\u00e1n erjed\u00e9s nyitott erjeszt\u0151 tart\u00e1lyokban, pr\u00e9sel\u00e9s 20 nap ut\u00e1n, malolaktikus erjed\u00e9s 500 literes hord\u00f3kban.<\/p>\n<h4>T\u00e1rol\u00e1s \/ bont\u00e1s<\/h4>\n<p>27 h\u00f3nap haszn\u00e1lt 1.500 literes hord\u00f3kban. Nem sz\u0171rt, nem megsz\u00e9p\u00edtett. 36 h\u00f3nap a palackon.<\/p>\n<h4>Elemz\u00e9s<\/h4>\n<p>13,5 % alkohol; savtartalom 5,3 g\/l; 1,0 g\/l marad\u00e9kcukor<\/p>\n<h4>T\u00f6lt\u00e9s<\/h4>\n<p>janu\u00e1r 2015<\/p>\n<h4>Optim\u00e1lis iv\u00e1si \u00e9retts\u00e9g \/ iv\u00e1si h\u0151m\u00e9rs\u00e9klet<\/h4>\n<p>2017 &#8211; 2035 \/ 16 &#8211; 18\u00b0C<\/p>\n<p>Aj\u00e1nl\u00e1s: iv\u00e1s el\u0151tt legal\u00e1bb 3 \u00f3r\u00e1val dekant\u00e1ljuk a bort.<\/p>\n<h4>K\u00fcl\u00f6nleges form\u00e1tumok<\/h4>\n<p>K\u00fcl\u00f6nleges form\u00e1tumok (3L, 5L, 12L, 18L) k\u00e9r\u00e9sre.<\/p>\n","protected":false},"excerpt":{"rendered":"<p class=\"nadorcolor pb-5\">Ragyog\u00f3 rubingr\u00e1n\u00e1t, s\u00f6t\u00e9t mag. Sz\u00edvcseresznye. Vadbogy\u00f3s gy\u00fcm\u00f6lcs\u00f6k kever\u00e9ke. \u00c1sv\u00e1nyos \u00e9s s\u00f3s, \u00e9teri \u00e1rnyalatokkal. M\u00e9ly arom\u00e1k magas eleganci\u00e1val p\u00e1rosulnak. Prec\u00edz gy\u00fcm\u00f6lcs a k\u0151tengerben.<\/p>\n","protected":false},"featured_media":1641,"template":"","meta":[],"product_brand":[],"product_cat":[158,148,154,129],"product_tag":[],"class_list":{"0":"post-1809","1":"product","2":"type-product","3":"status-publish","4":"has-post-thumbnail","6":"product_cat-15l-magnum-hu","7":"product_cat-2012-hu","8":"product_cat-teljes","9":"product_cat-voeroesbor","11":"first","12":"instock","13":"taxable","14":"shipping-taxable","15":"purchasable","16":"product-type-simple"},"_links":{"self":[{"href":"https:\/\/www.nadorwine.com\/hu\/wp-json\/wp\/v2\/product\/1809","targetHints":{"allow":["GET"]}}],"collection":[{"href":"https:\/\/www.nadorwine.com\/hu\/wp-json\/wp\/v2\/product"}],"about":[{"href":"https:\/\/www.nadorwine.com\/hu\/wp-json\/wp\/v2\/types\/product"}],"wp:featuredmedia":[{"embeddable":true,"href":"https:\/\/www.nadorwine.com\/hu\/wp-json\/wp\/v2\/media\/1641"}],"wp:attachment":[{"href":"https:\/\/www.nadorwine.com\/hu\/wp-json\/wp\/v2\/media?parent=1809"}],"wp:term":[{"taxonomy":"product_brand","embeddable":true,"href":"https:\/\/www.nadorwine.com\/hu\/wp-json\/wp\/v2\/product_brand?post=1809"},{"taxonomy":"product_cat","embeddable":true,"href":"https:\/\/www.nadorwine.com\/hu\/wp-json\/wp\/v2\/product_cat?post=1809"},{"taxonomy":"product_tag","embeddable":true,"href":"https:\/\/www.nadorwine.com\/hu\/wp-json\/wp\/v2\/product_tag?post=1809"}],"curies":[{"name":"wp","href":"https:\/\/api.w.org\/{rel}","templated":true}]}}