{"id":1828,"date":"2018-10-11T00:52:14","date_gmt":"2018-10-10T22:52:14","guid":{"rendered":"https:\/\/www.nadorwine.com\/impresszum\/"},"modified":"2023-08-05T11:04:31","modified_gmt":"2023-08-05T09:04:31","slug":"impresszum","status":"publish","type":"page","link":"https:\/\/www.nadorwine.com\/hu\/impresszum\/","title":{"rendered":"Impresszum"},"content":{"rendered":"<p class=\"has-text-align-center\"><strong>R-W Reiner Wein GmbH<\/strong><\/p><p class=\"has-text-align-center\">Rainer Garger<br\/>El\u00dflergasse 20\/3<br\/>A-1130 B\u00e9cs<br\/>Telefon: <a href=\"tel:+4318799399\">+43 1 879 93 99<\/a><br\/>E-mail: <a href=\"mailto:office@nadorwine.com\">office@nadorwine.com<\/a><br\/><a href=\"https:\/\/www.nadorwine.com\/hu\/\">www.nadorwine.com<\/a><\/p><p class=\"has-text-align-center\">ATU 669 13 147<br\/>FN 275 715 p<\/p><p class=\"has-text-align-center\">Banki adatok<br\/>R-W Reiner Wein GmbH<br\/>BIC GIBAATWWXXX<br\/>IBAN AT832011128561570100<\/p><div style=\"height:2rem\" aria-hidden=\"true\" class=\"wp-block-spacer\"><\/div><p class=\"has-text-align-center\"><strong>Webtervez\u00e9s, koncepci\u00f3 \u00e9s megval\u00f3s\u00edt\u00e1s<\/strong><\/p><p class=\"has-text-align-center\">amuhr design\u00ae<br\/>Grafikai \u00e9s webdesign st\u00fadi\u00f3<br\/><a href=\"https:\/\/www.amuhrdesign.com\/\">www.amuhrdesign.com<\/a><\/p><div style=\"height:2rem\" aria-hidden=\"true\" class=\"wp-block-spacer\"><\/div><p class=\"has-text-align-center\"><strong>Alternat\u00edv vitarendez\u00e9s a 14. cikk (1) bekezd\u00e9se szerint. 1 ODR-rendelet \u00e9s a VSBG 36. szakasza<\/strong><\/p><p class=\"has-text-align-center\">Az Eur\u00f3pai Bizotts\u00e1g <a rel=\"noreferrer noopener\" href=\"https:\/\/ec.europa.eu\/consumers\/odr\" data-type=\"URL\" data-id=\"https:\/\/ec.europa.eu\/consumers\/odr\" target=\"_blank\">platformot<\/a> biztos\u00edt <a rel=\"noreferrer noopener\" href=\"https:\/\/ec.europa.eu\/consumers\/odr\" data-type=\"URL\" data-id=\"https:\/\/ec.europa.eu\/consumers\/odr\" target=\"_blank\">az online vitarendez\u00e9shez (ODR)<\/a>.  <br\/>Nem vagyunk k\u00f6telesek vagy hajland\u00f3ak r\u00e9szt venni a fogyaszt\u00f3i d\u00f6nt\u0151bizotts\u00e1g el\u0151tti vitarendez\u00e9si elj\u00e1r\u00e1sban.<\/p>","protected":false},"excerpt":{"rendered":"<p>R-W Reiner Wein GmbH Rainer GargerEl\u00dflergasse 20\/3A-1130 B\u00e9csTelefon: +43 1 879 93 99E-mail: office@nadorwine.comwww.nadorwine.com ATU 669 13 147FN 275 715 p Banki adatokR-W Reiner Wein GmbHBIC GIBAATWWXXXIBAN AT832011128561570100 Webtervez\u00e9s, koncepci\u00f3 \u00e9s megval\u00f3s\u00edt\u00e1s amuhr design\u00aeGrafikai \u00e9s webdesign st\u00fadi\u00f3www.amuhrdesign.com Alternat\u00edv vitarendez\u00e9s a 14. cikk (1) bekezd\u00e9se szerint. 1 ODR-rendelet \u00e9s a VSBG 36. szakasza Az Eur\u00f3pai Bizotts\u00e1g [&hellip;]<\/p>\n","protected":false},"author":1,"featured_media":0,"parent":0,"menu_order":0,"comment_status":"closed","ping_status":"closed","template":"","meta":{"footnotes":""},"class_list":["post-1828","page","type-page","status-publish","hentry"],"_links":{"self":[{"href":"https:\/\/www.nadorwine.com\/hu\/wp-json\/wp\/v2\/pages\/1828","targetHints":{"allow":["GET"]}}],"collection":[{"href":"https:\/\/www.nadorwine.com\/hu\/wp-json\/wp\/v2\/pages"}],"about":[{"href":"https:\/\/www.nadorwine.com\/hu\/wp-json\/wp\/v2\/types\/page"}],"author":[{"embeddable":true,"href":"https:\/\/www.nadorwine.com\/hu\/wp-json\/wp\/v2\/users\/1"}],"replies":[{"embeddable":true,"href":"https:\/\/www.nadorwine.com\/hu\/wp-json\/wp\/v2\/comments?post=1828"}],"version-history":[{"count":0,"href":"https:\/\/www.nadorwine.com\/hu\/wp-json\/wp\/v2\/pages\/1828\/revisions"}],"wp:attachment":[{"href":"https:\/\/www.nadorwine.com\/hu\/wp-json\/wp\/v2\/media?parent=1828"}],"curies":[{"name":"wp","href":"https:\/\/api.w.org\/{rel}","templated":true}]}}