{"id":1816,"date":"2018-10-11T00:59:36","date_gmt":"2018-10-10T22:59:36","guid":{"rendered":"https:\/\/www.nadorwine.com\/agb\/"},"modified":"2023-08-05T11:04:31","modified_gmt":"2023-08-05T09:04:31","slug":"agb","status":"publish","type":"page","link":"https:\/\/www.nadorwine.com\/hu\/agb\/","title":{"rendered":"AGB"},"content":{"rendered":"<h2 class=\"wp-block-heading has-text-align-center\">\u00c1ltal\u00e1nos szerz\u0151d\u00e9si felt\u00e9telek<\/h2><div style=\"height:3rem\" aria-hidden=\"true\" class=\"wp-block-spacer\"><\/div><p><strong>1. HAT\u00d3K\u00d6R<\/strong><br\/>A jelen \u00c1ltal\u00e1nos Szerz\u0151d\u00e9si Felt\u00e9telek az R-W Reiner Wein GmbH (sz\u00e9khelye \u00e9s \u00fczleti c\u00edme: El\u00dflergasse 20\/3, A-1130 B\u00e9cs) \u00e1ltal t\u00f6rt\u00e9n\u0151 \u00e9rt\u00e9kes\u00edt\u00e9sre \u00e9s \u00e1rusz\u00e1ll\u00edt\u00e1sra vonatkoznak. Kifejezetten elt\u00e9r\u0151 meg\u00e1llapod\u00e1s hi\u00e1ny\u00e1ban a mi \u00c1SZF-\u00fcnk az ir\u00e1nyad\u00f3, amelyr\u0151l a szerz\u0151d\u0151 partnert t\u00e1j\u00e9koztattuk. A szerz\u0151d\u00e9s nyelve a n\u00e9met.<\/p><p><strong>2. AJ\u00c1NLAT<\/strong><br\/>Aj\u00e1nlatunk v\u00e1ltozhat, \u00e9s csak a k\u00e9szlet erej\u00e9ig \u00e9rv\u00e9nyes. Az egyes term\u00e9kek korl\u00e1tozott mennyis\u00e9ge miatt el\u0151fordulhat, hogy az online rendel\u00e9s sor\u00e1n elfogynak a term\u00e9kek. Ebben az esetben b\u00e1torkodunk alternat\u00edv term\u00e9keket k\u00edn\u00e1lni \u00d6nnek. A sz\u00e1ll\u00edt\u00e1sra kiz\u00e1r\u00f3lag a hat\u00e1lyos \u00c1ltal\u00e1nos Szerz\u0151d\u00e9si Felt\u00e9teleink vonatkoznak. Az ett\u0151l elt\u00e9r\u0151 meg\u00e1llapod\u00e1sok csak akkor \u00e9rv\u00e9nyesek, ha azokat \u00edr\u00e1sban meger\u0151s\u00edtj\u00fck.<\/p><p><strong>3. MEGRENDEL\u00c9S<\/strong><br\/>\n3.1. Az \u00fcgyf\u00e9l megrendel\u00e9se aj\u00e1nlatnak min\u0151s\u00fcl. A szerz\u0151d\u00e9s csak a mi r\u00e9sz\u00fcnkr\u0151l t\u00f6rt\u00e9n\u0151 elfogad\u00e1st k\u00f6vet\u0151en j\u00f6n l\u00e9tre. Az \u00fcgyfelet e-mailben vagy telefonon \u00e9rtes\u00edtj\u00fck az elfogad\u00e1sr\u00f3l. Ha b\u00e1rmilyen okb\u00f3l nem tudjuk teljes\u00edteni az \u00fcgyf\u00e9l megrendel\u00e9s\u00e9t, az \u00fcgyfelet azonnal \u00e9rtes\u00edtj\u00fck.<br\/>\n3.2. A megrendel\u00e9sek elfogad\u00e1sa a sz\u00e1ll\u00edt\u00e1si lehet\u0151s\u00e9gekt\u0151l f\u00fcgg. Az R-W Reiner Wein GmbH fenntartja a jogot, hogy egy term\u00e9k t\u00faljelentkez\u00e9s eset\u00e9n kisebb mennyis\u00e9get osszon ki a v\u00e1s\u00e1rl\u00f3k k\u00f6z\u00f6tt.<\/p><p><strong>4. \u00c1RA<\/strong><br\/>\n4.1. Az \u00e1rak eur\u00f3ban \u00e9rtend\u0151k, minden t\u00f6rv\u00e9nyes v\u00e1mot \u00e9s ad\u00f3t (\u00c1FA) tartalmaznak, azonban az \u00e1rak csak magukra az \u00e1rukra vonatkoznak, \u00e9s nem tartalmazz\u00e1k a sz\u00e1ll\u00edt\u00e1si k\u00f6lts\u00e9geket. A sz\u00e1ll\u00edt\u00e1ssal kapcsolatban felmer\u00fcl\u0151 \u00f6sszes k\u00f6lts\u00e9get, bele\u00e9rtve az import vagy export r\u00e9szleteket is, a vev\u0151 viseli. A v\u00e1s\u00e1rl\u00f3nak a t\u00e9nylegesen felmer\u00fcl\u0151 sz\u00e1ll\u00edt\u00e1si k\u00f6lts\u00e9geket kisz\u00e1ml\u00e1zzuk &#8211; ezek a kos\u00e1rban t\u00f6rt\u00e9n\u0151 helyes kiv\u00e1laszt\u00e1s ut\u00e1n az internetes web\u00e1ruh\u00e1zban t\u00f6rt\u00e9n\u0151 megrendel\u00e9skor jelennek meg, \u00e9s a Weinmanufaktur Eisenberg \u00e1ltal ki\u00e1ll\u00edtott megrendel\u00e9si visszaigazol\u00e1sban jelennek meg. A felt\u00fcntetett \u00f6sszegeket a Weinmanufaktur Eisenberg a j\u00f6v\u0151beni szerz\u0151d\u00e9sek tekintet\u00e9ben b\u00e1rmikor egyoldal\u00faan megv\u00e1ltoztathatja. A weboldalon el\u0151fordul\u00f3 g\u00e9pel\u00e9si, nyomtat\u00e1si vagy sz\u00e1m\u00edt\u00e1si hib\u00e1k eset\u00e9n jogosultak vagyunk el\u00e1llni a szerz\u0151d\u00e9st\u0151l.<br\/>\n4.2. Az \u00e1rak az eredeti \u00e1raj\u00e1nlat id\u0151pontj\u00e1ban \u00e9rv\u00e9nyes k\u00f6lts\u00e9geken alapulnak. Amennyiben a k\u00f6lts\u00e9gek a vev\u0151 megrendel\u00e9s\u00e9nek id\u0151pontj\u00e1ig megv\u00e1ltoznak, a Weinmanufaktur Eisenberg jogosult az \u00e1rakat ennek megfelel\u0151en m\u00f3dos\u00edtani.<\/p><p><strong>5. FIZET\u00c9S<\/strong><br\/>5.1. Az R-W Reiner Wein GmbH az \u00e1ruk tulajdonjog\u00e1t mindaddig fenntartja, am\u00edg a v\u00e9tel\u00e1rat a j\u00e1rul\u00e9kos k\u00f6lts\u00e9gekkel egy\u00fctt teljes eg\u00e9sz\u00e9ben ki nem fizetik.<br\/>5.2. Az R-W Reiner Wein GmbH a szerz\u0151d\u00e9sk\u00f6t\u00e9skor azonnal, vagy el\u0151legk\u00e9nt bankk\u00e1rty\u00e1val t\u00f6rt\u00e9n\u0151 fizet\u00e9st fogad el. A banki adatok a k\u00f6vetkez\u0151k<br\/>R-W Reiner Wein GmbH<br\/>IBAN: AT83201112828561570100<br\/>BIC: GIBAATWWXXX<br\/>Amint megkaptuk a visszaigazol\u00e1st vagy a fizet\u00e9st, a megrendel\u00e9st a megadott sz\u00e1ll\u00edt\u00e1si c\u00edmre k\u00fcldj\u00fck.<\/p><p><strong>6. SZ\u00c1LL\u00cdT\u00c1S<\/strong><br\/>\n6.1. Az R-W Reiner Wein GmbH a megadott \u00e1rakon fel\u00fcl sz\u00e1ll\u00edt\u00e1si k\u00f6lts\u00e9get sz\u00e1m\u00edt fel minden rendel\u00e9si mennyis\u00e9g ut\u00e1n. Az aktu\u00e1lis sz\u00e1ll\u00edt\u00e1si k\u00f6lts\u00e9gek a rendel\u00e9si folyamat sor\u00e1n \u00e9s a rendel\u00e9s visszaigazol\u00e1s\u00e1ban jelennek meg. Az \u00e1ru sz\u00e1ll\u00edt\u00e1sa eset\u00e9n a haszn\u00e1lat \u00e9s a kock\u00e1zat legk\u00e9s\u0151bb akkor sz\u00e1ll \u00e1t a vev\u0151re, amikor az \u00e1rut \u00e1tadj\u00e1k a vev\u0151nek vagy a vev\u0151 k\u00e9pvisel\u0151j\u00e9nek.<br\/>\n6.2. Az eur\u00f3pai orsz\u00e1gokba t\u00f6rt\u00e9n\u0151 sz\u00e1ll\u00edt\u00e1s eset\u00e9n a t\u00e9nyleges sz\u00e1ll\u00edt\u00e1si k\u00f6lts\u00e9gek ker\u00fclnek felsz\u00e1m\u00edt\u00e1sra &#8211; ezek a helyes kiv\u00e1laszt\u00e1s ut\u00e1n a kos\u00e1rban jelennek meg.<br\/>\n6.3. Amennyiben a fogyaszt\u00f3 az EGT-n k\u00edv\u00fcli orsz\u00e1gba k\u00edv\u00e1n sz\u00e1ll\u00edtani, a k\u00edv\u00e1nt sz\u00e1ll\u00edt\u00e1s ig\u00e9nyl\u00e9se \u00e9rdek\u00e9ben k\u00f6zvetlen\u00fcl az R-W Reiner Wein GmbH-val kell felvennie a kapcsolatot.<br\/>\n6.4. A kisz\u00e1ll\u00edt\u00e1s az R-W Reiner Wein GmbH \u00e1ltal megb\u00edzott szolg\u00e1ltat\u00e1ssal t\u00f6rt\u00e9nik a szok\u00e1sos munkaid\u0151ben. A megrendelt \u00e1ru \u00e1tv\u00e9tel\u00e9nek elmarad\u00e1sa eset\u00e9n az R-W Reiner Wein GmbH jogosult az emiatt felmer\u00fcl\u0151 t\u00f6bbletk\u00f6lts\u00e9gek, p\u00e9ld\u00e1ul a s\u00fcrg\u0151s sz\u00e1ll\u00edt\u00e1si k\u00f6lts\u00e9gek megt\u00e9r\u00edt\u00e9s\u00e9t k\u00f6vetelni.<\/p><p><strong>7. SZ\u00c1LL\u00cdT\u00c1SI K\u00c1R<\/strong><br\/>Az R-W Reiner Wein GmbH az al\u00e1bbi felt\u00e9telek mellett teljes k\u00e1rt\u00e9r\u00edt\u00e9st garant\u00e1l a sz\u00e1ll\u00edt\u00e1s sor\u00e1n keletkezett k\u00e1rok\u00e9rt \u00e9s k\u00e1rosod\u00e1sok\u00e9rt: A be\u00e9rkez\u0151 \u00e1rut azonnal ellen\u0151rizni kell a helyess\u00e9g \u00e9s teljess\u00e9g szempontj\u00e1b\u00f3l, \u00e9s az esetleges reklam\u00e1ci\u00f3kat azonnal jelenteni kell. Minden reklam\u00e1ci\u00f3t a fuvaroz\u00f3nak meg kell er\u0151s\u00edtenie.<\/p><p><strong>8. J\u00d3T\u00c1MOGAT\u00c1S<\/strong><br\/>8.1. A t\u00f6rv\u00e9nyes j\u00f3t\u00e1ll\u00e1si ig\u00e9nyekkel kapcsolatos panaszokat a k\u00f6vetkez\u0151 c\u00edmen lehet beny\u00fajtani:<br\/>R-W Reiner Wein GmbH<br\/>Rainer Garger<br\/>A-1130 B\u00e9cs, El\u00dflergasse 20\/3.<br\/>8.2. A min\u0151s\u00e9gben, mennyis\u00e9gben, sz\u00ednben, m\u00e9retben, s\u00falyban, felszerelts\u00e9gben vagy kialak\u00edt\u00e1sban a kereskedelemben szok\u00e1sos vagy m\u0171szaki okokb\u00f3l csek\u00e9ly m\u00e9rt\u00e9k\u0171 elt\u00e9r\u00e9sek nem min\u0151s\u00fclnek szavatoss\u00e1gi hib\u00e1nak vagy a szerz\u0151d\u00e9s nem teljes\u00edt\u00e9s\u00e9nek. A fogk\u0151 kialakul\u00e1sa term\u00e9szetes folyamat, ez\u00e9rt nem min\u0151s\u00fcl reklam\u00e1ci\u00f3nak vagy garanci\u00e1lis esetnek.<\/p><p><strong>9. SZ\u00c1M\u00cdT\u00d3G\u00c9PES FELDOLGOZ\u00c1S \u00c9S \u00dcGYF\u00c9LADATOK<\/strong><br\/>A vev\u0151 hozz\u00e1j\u00e1rul ahhoz, hogy az ad\u00e1sv\u00e9teli szerz\u0151d\u00e9sben megadott \u00e9s a regisztr\u00e1ci\u00f3 sor\u00e1n k\u00f6z\u00f6lt adatokat az adatv\u00e9delmi t\u00f6rv\u00e9ny rendelkez\u00e9seinek megfelel\u0151en t\u00e1roljuk \u00e9s kezelj\u00fck. Ezeket az adatokat az egyes esetekben sz\u00fcks\u00e9ges m\u00e9rt\u00e9kben a jogi k\u00f6vetelm\u00e9nyeknek val\u00f3 megfelel\u00e9shez \u00e9s a fizet\u00e9si m\u0171veletek feldolgoz\u00e1s\u00e1hoz haszn\u00e1ljuk fel.<\/p><p><strong>10. EGY\u00c9B RENDELKEZ\u00c9SEK<\/strong><br\/>10.1. Ha a jelen \u00c1ltal\u00e1nos Szerz\u0151d\u00e9si Felt\u00e9telek egyes rendelkez\u00e9sei \u00e9rv\u00e9nytelenek, ez nem eredm\u00e9nyezi a teljes szerz\u0151d\u00e9s \u00e9rv\u00e9nytelens\u00e9g\u00e9t. A szerz\u0151d\u00e9s egy\u00e9b tartalma v\u00e1ltozatlan marad.<br\/>10.2. Az el\u0151ad\u00e1s helysz\u00edne B\u00e9cs. Minden jogvit\u00e1ban a szerz\u0151d\u0151 felek &#8211; amennyiben nem fogyaszt\u00f3k &#8211; a vitatott \u00f6sszegre val\u00f3 tekintet n\u00e9lk\u00fcl al\u00e1vetik magukat a B\u00e9csi Ker\u00fcleti B\u00edr\u00f3s\u00e1g kiz\u00e1r\u00f3lagos illet\u00e9kess\u00e9g\u00e9nek.<br\/>10.3. A szerz\u0151d\u00e9sre az osztr\u00e1k jog az ir\u00e1nyad\u00f3, az ENSZ nemzetk\u00f6zi ad\u00e1sv\u00e9teli szerz\u0151d\u00e9sekr\u0151l sz\u00f3l\u00f3 egyezm\u00e9ny\u00e9nek \u00e9s a koll\u00edzi\u00f3s szab\u00e1lyok kiz\u00e1r\u00e1s\u00e1val.<\/p><div class=\"woocommerce woocommerce-gzd woocommerce-gzd-complaints-shortcode\">\n\t\t\t<h3>Information pursuant to \u00a7 19 (3) AStG<\/h3>\n\t\t<p>Alternative Dispute Resolution Act - Online stores<\/p>\n\t\n<\/div>","protected":false},"excerpt":{"rendered":"<p>\u00c1ltal\u00e1nos szerz\u0151d\u00e9si felt\u00e9telek 1. HAT\u00d3K\u00d6RA jelen \u00c1ltal\u00e1nos Szerz\u0151d\u00e9si Felt\u00e9telek az R-W Reiner Wein GmbH (sz\u00e9khelye \u00e9s \u00fczleti c\u00edme: El\u00dflergasse 20\/3, A-1130 B\u00e9cs) \u00e1ltal t\u00f6rt\u00e9n\u0151 \u00e9rt\u00e9kes\u00edt\u00e9sre \u00e9s \u00e1rusz\u00e1ll\u00edt\u00e1sra vonatkoznak. Kifejezetten elt\u00e9r\u0151 meg\u00e1llapod\u00e1s hi\u00e1ny\u00e1ban a mi \u00c1SZF-\u00fcnk az ir\u00e1nyad\u00f3, amelyr\u0151l a szerz\u0151d\u0151 partnert t\u00e1j\u00e9koztattuk. A szerz\u0151d\u00e9s nyelve a n\u00e9met. 2. AJ\u00c1NLATAj\u00e1nlatunk v\u00e1ltozhat, \u00e9s csak a k\u00e9szlet erej\u00e9ig [&hellip;]<\/p>\n","protected":false},"author":1,"featured_media":0,"parent":0,"menu_order":0,"comment_status":"closed","ping_status":"closed","template":"","meta":{"footnotes":""},"class_list":["post-1816","page","type-page","status-publish","hentry"],"_links":{"self":[{"href":"https:\/\/www.nadorwine.com\/hu\/wp-json\/wp\/v2\/pages\/1816","targetHints":{"allow":["GET"]}}],"collection":[{"href":"https:\/\/www.nadorwine.com\/hu\/wp-json\/wp\/v2\/pages"}],"about":[{"href":"https:\/\/www.nadorwine.com\/hu\/wp-json\/wp\/v2\/types\/page"}],"author":[{"embeddable":true,"href":"https:\/\/www.nadorwine.com\/hu\/wp-json\/wp\/v2\/users\/1"}],"replies":[{"embeddable":true,"href":"https:\/\/www.nadorwine.com\/hu\/wp-json\/wp\/v2\/comments?post=1816"}],"version-history":[{"count":0,"href":"https:\/\/www.nadorwine.com\/hu\/wp-json\/wp\/v2\/pages\/1816\/revisions"}],"wp:attachment":[{"href":"https:\/\/www.nadorwine.com\/hu\/wp-json\/wp\/v2\/media?parent=1816"}],"curies":[{"name":"wp","href":"https:\/\/api.w.org\/{rel}","templated":true}]}}