{"id":1771,"date":"2022-06-01T11:24:38","date_gmt":"2022-06-01T09:24:38","guid":{"rendered":"https:\/\/www.nadorwine.com\/a-minositesek-hitelessege\/"},"modified":"2023-08-05T10:58:37","modified_gmt":"2023-08-05T08:58:37","slug":"a-minositesek-hitelessege","status":"publish","type":"page","link":"https:\/\/www.nadorwine.com\/hu\/a-minositesek-hitelessege\/","title":{"rendered":"A min\u0151s\u00edt\u00e9sek hiteless\u00e9ge"},"content":{"rendered":"","protected":false},"excerpt":{"rendered":"","protected":false},"author":1,"featured_media":0,"parent":0,"menu_order":0,"comment_status":"closed","ping_status":"closed","template":"","meta":{"footnotes":""},"class_list":["post-1771","page","type-page","status-publish","hentry"],"_links":{"self":[{"href":"https:\/\/www.nadorwine.com\/hu\/wp-json\/wp\/v2\/pages\/1771","targetHints":{"allow":["GET"]}}],"collection":[{"href":"https:\/\/www.nadorwine.com\/hu\/wp-json\/wp\/v2\/pages"}],"about":[{"href":"https:\/\/www.nadorwine.com\/hu\/wp-json\/wp\/v2\/types\/page"}],"author":[{"embeddable":true,"href":"https:\/\/www.nadorwine.com\/hu\/wp-json\/wp\/v2\/users\/1"}],"replies":[{"embeddable":true,"href":"https:\/\/www.nadorwine.com\/hu\/wp-json\/wp\/v2\/comments?post=1771"}],"version-history":[{"count":0,"href":"https:\/\/www.nadorwine.com\/hu\/wp-json\/wp\/v2\/pages\/1771\/revisions"}],"wp:attachment":[{"href":"https:\/\/www.nadorwine.com\/hu\/wp-json\/wp\/v2\/media?parent=1771"}],"curies":[{"name":"wp","href":"https:\/\/api.w.org\/{rel}","templated":true}]}}